{"id":17254,"date":"2023-05-30T23:33:45","date_gmt":"2023-05-30T21:33:45","guid":{"rendered":"https:\/\/fiquebeauty.com\/?post_type=product&#038;p=17254"},"modified":"2025-12-13T14:32:33","modified_gmt":"2025-12-13T13:32:33","slug":"infusion-cream","status":"publish","type":"product","link":"https:\/\/fiquebeauty.com\/ua\/product\/infusion-cream\/","title":{"rendered":"\u0406\u043d\u0444\u0443\u0437\u0456\u0439\u043d\u0438\u0439 \u043a\u0440\u0435\u043c"},"content":{"rendered":"<p class=\"p1\">\u0406\u043d\u0444\u0443\u0437\u0456\u0439\u043d\u0438\u0439 \u043a\u0440\u0435\u043c \u0424\u0456\u043b\u0456\u043f\u0430 \u041c\u0430\u0440\u0442\u0456\u043d\u0430 - \u0417\u0430\u0445\u0438\u0449\u0430\u0454 \u0456 \u043f\u043e\u043b\u0435\u0433\u0448\u0443\u0454 \u0443\u043a\u043b\u0430\u0434\u0430\u043d\u043d\u044f, \u0406\u043d\u0444\u0443\u0437\u0456\u0439\u043d\u0438\u0439 \u043a\u0440\u0435\u043c \u0424\u0456\u043b\u0456\u043f\u0430 \u041c\u0430\u0440\u0442\u0456\u043d\u0430 - \u0446\u0435 \u043f\u0440\u043e\u0434\u0443\u043a\u0442, \u044f\u043a\u0438\u0439 \u043f\u043e\u0434\u0431\u0430\u0454 \u043f\u0440\u043e \u0432\u0430\u0448\u0435 \u0432\u043e\u043b\u043e\u0441\u0441\u044f \u043f\u0456\u0434 \u0447\u0430\u0441 \u0443\u043a\u043b\u0430\u0434\u0430\u043d\u043d\u044f. \u0412\u0438\u043a\u043e\u0440\u0438\u0441\u0442\u043e\u0432\u0443\u0454\u0442\u044c\u0441\u044f \u0431\u0435\u0437 \u043e\u043f\u043e\u043b\u0456\u0441\u043a\u0443\u0432\u0430\u043d\u043d\u044f, \u0437\u0432\u043e\u043b\u043e\u0436\u0443\u0454 \u0432\u043e\u043b\u043e\u0441\u0441\u044f, \u043f\u043e\u043b\u0435\u0433\u0448\u0443\u0454 \u0440\u043e\u0437\u0447\u0456\u0441\u0443\u0432\u0430\u043d\u043d\u044f \u0442\u0430 \u0437\u0430\u0431\u0435\u0437\u043f\u0435\u0447\u0443\u0454 \u0442\u0435\u0440\u043c\u043e\u0437\u0430\u0445\u0438\u0441\u0442. \u041a\u0440\u0456\u043c \u0442\u043e\u0433\u043e, \u0432\u0456\u043d \u043c\u0430\u0454 \u0430\u043d\u0442\u0438\u0441\u0442\u0430\u0442\u0438\u0447\u043d\u0438\u0439 \u0435\u0444\u0435\u043a\u0442, \u0443\u0441\u0443\u0432\u0430\u044e\u0447\u0438 \u0441\u0442\u0430\u0442\u0438\u0447\u043d\u0443 \u0435\u043b\u0435\u043a\u0442\u0440\u0438\u043a\u0443, \u043d\u0430\u0434\u0430\u044e\u0447\u0438 \u0432\u043e\u043b\u043e\u0441\u0441\u044e \u043e\u0431'\u0454\u043c \u0456 \u043c'\u044f\u043a\u0456\u0441\u0442\u044c, \u043d\u0435 \u043e\u0431\u0442\u044f\u0436\u0443\u044e\u0447\u0438 \u0439\u043e\u0433\u043e.,\u042f\u043a \u043f\u0440\u0430\u0446\u044e\u0454 Infusion Cream?,\u0422\u0435\u0440\u043c\u043e\u0437\u0430\u0445\u0438\u0441\u0442,- \u0417\u0430\u0445\u0438\u0449\u0430\u0454 \u0432\u043e\u043b\u043e\u0441\u0441\u044f \u043f\u0456\u0434 \u0447\u0430\u0441 \u0441\u0443\u0448\u0456\u043d\u043d\u044f \u0442\u0430 \u0443\u043a\u043b\u0430\u0434\u0430\u043d\u043d\u044f, \u0437\u0430\u043f\u043e\u0431\u0456\u0433\u0430\u044e\u0447\u0438 \u0439\u043e\u0433\u043e \u043f\u043e\u0448\u043a\u043e\u0434\u0436\u0435\u043d\u043d\u044e,- \u0417\u0430\u043f\u043e\u0431\u0456\u0433\u0430\u0454 \u043b\u0430\u043c\u043a\u043e\u0441\u0442\u0456 \u0432\u043e\u043b\u043e\u0441\u0441\u044f, \u043f\u043e\u043b\u0435\u0433\u0448\u0443\u044e\u0447\u0438 \u0439\u043e\u0433\u043e \u0440\u043e\u0437\u043f\u043b\u0443\u0442\u0443\u0432\u0430\u043d\u043d\u044f,- \u0414\u043e\u0434\u0430\u0454 \u043e\u0431'\u0454\u043c\u0443 \u0456 \u0431\u043b\u0438\u0441\u043a\u0443,- \u0412\u043e\u043b\u043e\u0441\u0441\u044f \u0432\u0456\u0434\u0447\u0443\u0432\u0430\u0454 \u0441\u0435\u0431\u0435 \u043b\u0435\u0433\u043a\u0438\u043c, \u0448\u043e\u0432\u043a\u043e\u0432\u0438\u0441\u0442\u0438\u043c \u0456 \u0441\u043f\u043e\u0432\u043d\u0435\u043d\u0438\u043c \u0431\u043b\u0438\u0441\u043a\u0443,\u0423\u0441\u0443\u0432\u0430\u0454 \u0441\u0442\u0430\u0442\u0438\u0447\u043d\u0443 \u0435\u043b\u0435\u043a\u0442\u0440\u0438\u043a\u0443,- \u0430\u043d\u0442\u0438\u0441\u0442\u0430\u0442\u0438\u0447\u043d\u0430 \u0434\u0456\u044f \u0440\u043e\u0431\u0438\u0442\u044c \u0432\u043e\u043b\u043e\u0441\u0441\u044f \u0433\u043b\u0430\u0434\u043a\u0438\u043c \u0456 \u043a\u043e\u043d\u0442\u0440\u043e\u043b\u044c\u043e\u0432\u0430\u043d\u0438\u043c.,\u0422\u0435\u0440\u043c\u043e\u0437\u0430\u0445\u0438\u0441\u0442,\u041c'\u044f\u043a\u0456\u0441\u0442\u044c \u0456 \u043e\u0431'\u0454\u043c,- \u043d\u0430\u0434\u0430\u0454 \u0432\u043e\u043b\u043e\u0441\u0441\u044e \u043f\u0440\u0443\u0436\u043d\u0456\u0441\u0442\u044c \u0456 \u0431\u043b\u0438\u0441\u043a.,\u041d\u0435\u0432\u0430\u0433\u043e\u043c\u0456\u0441\u0442\u044c,- \u043b\u0435\u0433\u043a\u0438\u0439 \u0444\u0456\u043d\u0456\u0448, \u044f\u043a\u0438\u0439 \u043d\u0435 \u043e\u0431\u0442\u044f\u0436\u0443\u0454 \u0432\u043e\u043b\u043e\u0441\u0441\u044f.,\u0414\u043b\u044f \u0442\u0438\u0445, \u0445\u0442\u043e \u0445\u043e\u0447\u0435 \u0437\u0430\u0445\u0438\u0441\u0442\u0438\u0442\u0438 \u0432\u043e\u043b\u043e\u0441\u0441\u044f \u0432\u0456\u0434 \u0442\u0435\u0440\u043c\u0456\u0447\u043d\u043e\u0433\u043e \u0432\u043f\u043b\u0438\u0432\u0443.,\u0414\u043b\u044f \u0442\u0438\u0445, \u0445\u0442\u043e \u0448\u0443\u043a\u0430\u0454 \u0437\u0430\u0441\u0456\u0431 \u0434\u043b\u044f \u043b\u0435\u0433\u043a\u043e\u0433\u043e \u0440\u043e\u0437\u043f\u043b\u0443\u0442\u0443\u0432\u0430\u043d\u043d\u044f \u0456 \u0443\u043a\u043b\u0430\u0434\u0430\u043d\u043d\u044f \u0432\u043e\u043b\u043e\u0441\u0441\u044f.,\u0406\u0434\u0435\u0430\u043b\u044c\u043d\u043e \u043f\u0456\u0434\u0445\u043e\u0434\u0438\u0442\u044c \u0434\u043b\u044f \u0442\u0438\u0445, \u0445\u0442\u043e \u0445\u043e\u0447\u0435 \u0437\u0432\u0435\u0441\u0442\u0438 \u0434\u043e \u043c\u0456\u043d\u0456\u043c\u0443\u043c\u0443 \u0441\u0442\u0430\u0442\u0438\u0447\u043d\u0443 \u0435\u043b\u0435\u043a\u0442\u0440\u0438\u043a\u0443.<\/p>\n<p class=\"p3\">Infusion Cream Philip Martin\u2019s to produkt, kt\u00f3ry zadba o Twoje w\u0142osy podczas stylizacji. U\u017cywany bez sp\u0142ukiwania, nawil\u017ca w\u0142osy, u\u0142atwia ich rozczesywanie oraz zapewnia ochron\u0119 przed wysok\u0105 temperatur\u0105. Dodatkowo dzia\u0142a antystatycznie, eliminuj\u0105c elektryzowanie si\u0119 w\u0142os\u00f3w, nadaj\u0105c im obj\u0119to\u015b\u0107 i mi\u0119kko\u015b\u0107, bez obci\u0105\u017cania.<\/p>\n<p class=\"p1\">Jak dzia\u0142a Infusion Cream?<\/p>\n<p class=\"p4\">- <span class=\"s1\">Ochrona przed ciep\u0142em<\/span> \u2013 chroni w\u0142osy podczas suszenia i stylizacji, zapobiegaj\u0105c ich uszkodzeniom.<\/p>\n<p class=\"p4\">- <span class=\"s1\">\u041f\u043e\u043b\u0435\u0433\u0448\u0443\u0454 \u0440\u043e\u0437\u0447\u0456\u0441\u0443\u0432\u0430\u043d\u043d\u044f<\/span> \u2013 zapobiega \u0142amaniu w\u0142os\u00f3w, umo\u017cliwiaj\u0105c ich \u0142atwiejsze rozczesywanie.<\/p>\n<p class=\"p4\">- <span class=\"s1\">Nadaje obj\u0119to\u015b\u0107 i po\u0142ysk<\/span> \u2013 w\u0142osy s\u0105 lekkie, jedwabiste i pe\u0142ne blasku.<\/p>\n<p class=\"p4\">- <span class=\"s1\">Eliminacja elektryzowania si\u0119<\/span> \u2013 antystatyczne dzia\u0142anie sprawia, \u017ce w\u0142osy staj\u0105 si\u0119 g\u0142adkie i \u0142atwe do kontrolowania.<\/p>\n<p class=\"p1\">\u041e\u0441\u043d\u043e\u0432\u043d\u0456 \u043f\u0435\u0440\u0435\u0432\u0430\u0433\u0438:<\/p>\n<p class=\"p5\"><span class=\"s2\">- <\/span>Ochrona przed wysok\u0105 temperatur\u0105<\/p>\n<p class=\"p4\">- <span class=\"s1\">Mi\u0119kko\u015b\u0107 i obj\u0119to\u015b\u0107<\/span> \u2013 nadaje w\u0142osom spr\u0119\u017cysto\u015b\u0107 i blask.<\/p>\n<p class=\"p4\">- <span class=\"s1\">Bez obci\u0105\u017cania<\/span> \u2013 lekkie wyko\u0144czenie, kt\u00f3re nie obci\u0105\u017ca w\u0142os\u00f3w.<\/p>\n<p class=\"p1\">\u0414\u043b\u044f \u043a\u043e\u0433\u043e?<\/p>\n<p class=\"p5\"><span class=\"s2\">- <\/span>Dla os\u00f3b, kt\u00f3re chc\u0105 chroni\u0107 w\u0142osy przed szkodliwym wp\u0142ywem ciep\u0142a.<\/p>\n<p class=\"p5\"><span class=\"s2\">- <\/span>Dla tych, kt\u00f3rzy szukaj\u0105 produktu do \u0142atwego rozczesywania i stylizacji w\u0142os\u00f3w.<\/p>\n<p class=\"p5\"><span class=\"s2\">- <\/span>Idealne dla os\u00f3b pragn\u0105cych zminimalizowa\u0107 elektryzowanie si\u0119 w\u0142os\u00f3w.<\/p>","protected":false},"excerpt":{"rendered":"<p>\u0422\u0435\u0440\u043c\u043e\u0437\u0430\u0445\u0438\u0441\u0442 \u0434\u043b\u044f \u0432\u043e\u043b\u043e\u0441\u0441\u044f<\/p>","protected":false},"featured_media":18310,"template":"","meta":{"inline_featured_image":false,"_uf_show_specific_survey":0,"_uf_disable_surveys":false,"_themeisle_gutenberg_block_has_review":false,"jetpack_publicize_message":"","jetpack_publicize_feature_enabled":true,"jetpack_social_post_already_shared":true,"jetpack_social_options":{"image_generator_settings":{"template":"highway","default_image_id":0,"font":"","enabled":false},"version":2},"_wpas_customize_per_network":false},"pwb-brand":[805653],"product_brand":[],"product_cat":[805763,805761,805641],"product_tag":[],"class_list":{"0":"post-17254","1":"product","2":"type-product","3":"status-publish","4":"has-post-thumbnail","6":"pwb-brand-philip-martins","7":"product_cat-stylizacja_wlosow","8":"product_cat-termoochrona_do_wlosow","9":"product_cat-hair","10":"product_shipping_class-inpost","12":"first","13":"instock","14":"shipping-taxable","15":"purchasable","16":"product-type-variable"},"aioseo_notices":[],"jetpack_publicize_connections":[],"jetpack_likes_enabled":true,"jetpack_sharing_enabled":true,"jetpack-related-posts":[],"brands":[{"id":805653,"name":"Philip Martin's","slug":"philip-martins"}],"_links":{"self":[{"href":"https:\/\/fiquebeauty.com\/ua\/wp-json\/wp\/v2\/product\/17254","targetHints":{"allow":["GET"]}}],"collection":[{"href":"https:\/\/fiquebeauty.com\/ua\/wp-json\/wp\/v2\/product"}],"about":[{"href":"https:\/\/fiquebeauty.com\/ua\/wp-json\/wp\/v2\/types\/product"}],"wp:featuredmedia":[{"embeddable":true,"href":"https:\/\/fiquebeauty.com\/ua\/wp-json\/wp\/v2\/media\/18310"}],"wp:attachment":[{"href":"https:\/\/fiquebeauty.com\/ua\/wp-json\/wp\/v2\/media?parent=17254"}],"wp:term":[{"taxonomy":"pwb-brand","embeddable":true,"href":"https:\/\/fiquebeauty.com\/ua\/wp-json\/wp\/v2\/pwb-brand?post=17254"},{"taxonomy":"product_brand","embeddable":true,"href":"https:\/\/fiquebeauty.com\/ua\/wp-json\/wp\/v2\/product_brand?post=17254"},{"taxonomy":"product_cat","embeddable":true,"href":"https:\/\/fiquebeauty.com\/ua\/wp-json\/wp\/v2\/product_cat?post=17254"},{"taxonomy":"product_tag","embeddable":true,"href":"https:\/\/fiquebeauty.com\/ua\/wp-json\/wp\/v2\/product_tag?post=17254"}],"curies":[{"name":"wp","href":"https:\/\/api.w.org\/{rel}","templated":true}]}}