{"id":17717,"date":"2023-06-08T17:10:58","date_gmt":"2023-06-08T15:10:58","guid":{"rendered":"https:\/\/fiquebeauty.com\/?post_type=product&#038;p=17717"},"modified":"2026-03-23T15:16:39","modified_gmt":"2026-03-23T14:16:39","slug":"body-lotion-musk-incense-rose","status":"publish","type":"product","link":"https:\/\/fiquebeauty.com\/ua\/product\/body-lotion-musk-incense-rose\/","title":{"rendered":"\u041b\u043e\u0441\u044c\u0439\u043e\u043d \u0434\u043b\u044f \u0442\u0456\u043b\u0430 - \u041c\u0443\u0441\u043a\u0443\u0441\u043d\u0430 \u043f\u0430\u0445\u0443\u0447\u0430 \u0442\u0440\u043e\u044f\u043d\u0434\u0430"},"content":{"rendered":"<p class=\"p1\">Body Lotion &#8211; Musk Incense Rose La Sultane de Saba \u2013 nawil\u017caj\u0105ce mleczko do cia\u0142a<\/p>\n<p class=\"p1\">\u041b\u043e\u0441\u044c\u0439\u043e\u043d \u0434\u043b\u044f \u0442\u0456\u043b\u0430 \u0432\u0456\u0434 La Sultane de Saba<span class=\"s1\"> \u0446\u0435 <\/span>\u0437\u0432\u043e\u043b\u043e\u0436\u0443\u044e\u0447\u0435 \u0442\u0430 \u0436\u0438\u0432\u0438\u043b\u044c\u043d\u0435 \u043c\u043e\u043b\u043e\u0447\u043a\u043e \u0434\u043b\u044f \u0442\u0456\u043b\u0430<span class=\"s1\">\u044f\u043a\u0438\u0439 \u0436\u0438\u0432\u0438\u0442\u044c \u0456 \u043e\u0431\u0432\u043e\u043b\u0456\u043a\u0430\u0454 \u0448\u043a\u0456\u0440\u0443 <\/span>\u0447\u0443\u0442\u0442\u0454\u0432\u0438\u0439 \u0430\u0440\u043e\u043c\u0430\u0442 \u043c\u0443\u0441\u043a\u0443\u0441\u0443 \u0442\u0430 \u0442\u0440\u043e\u044f\u043d\u0434\u0438<span class=\"s1\">. \u0419\u043e\u0433\u043e <\/span>\u043e\u043a\u0441\u0430\u043c\u0438\u0442\u043e\u0432\u0430 \u0444\u043e\u0440\u043c\u0443\u043b\u0430<span class=\"s1\">\u043d\u0430 \u043e\u0441\u043d\u043e\u0432\u0456 <\/span>\u043e\u043b\u0456\u044f \u0448\u0438, \u043e\u043b\u0456\u044f \u0441\u043e\u043b\u043e\u0434\u043a\u043e\u0433\u043e \u043c\u0438\u0433\u0434\u0430\u043b\u044e \u0442\u0430 \u043a\u043e\u043a\u043e\u0441\u043e\u0432\u0435 \u043c\u043e\u043b\u043e\u043a\u043e<span class=\"s1\">\u0437\u0430\u0431\u0435\u0437\u043f\u0435\u0447\u0443\u0454 \u0448\u043a\u0456\u0440\u0443 \u0446\u0456\u043d\u043d\u0438\u043c\u0438 \u043b\u0456\u043f\u0456\u0434\u0430\u043c\u0438, \u0440\u043e\u0431\u043b\u044f\u0447\u0438 \u0457\u0457 <\/span>\u0433\u043b\u0438\u0431\u043e\u043a\u043e \u0437\u0432\u043e\u043b\u043e\u0436\u0435\u043d\u0430, \u0440\u043e\u0437\u0433\u043b\u0430\u0434\u0436\u0435\u043d\u0430 \u0442\u0430 \u0440\u0435\u0433\u0435\u043d\u0435\u0440\u043e\u0432\u0430\u043d\u0430<span class=\"s1\">.<\/span><\/p>\n<p class=\"p3\">\u0417\u0430\u0432\u0434\u044f\u043a\u0438 <span class=\"s2\">\u0437\u043c\u0456\u0446\u043d\u044e\u044e\u0447\u0456 \u0432\u043b\u0430\u0441\u0442\u0438\u0432\u043e\u0441\u0442\u0456<\/span>\u041c\u043e\u043b\u043e\u0447\u043a\u043e \u043f\u043e\u043a\u0440\u0430\u0449\u0443\u0454 \u0442\u043e\u043d\u0443\u0441 \u0448\u043a\u0456\u0440\u0438 \u0442\u0430 \u0437\u0430\u043f\u043e\u0431\u0456\u0433\u0430\u0454 \u0457\u0457 \u0441\u0443\u0445\u043e\u0441\u0442\u0456. \u0410\u0440\u043e\u043c\u0430\u0442 <span class=\"s2\">\u041c\u0443\u0441\u043a\u0443\u0441\u043d\u0430 \u043f\u0430\u0445\u0443\u0447\u0430 \u0442\u0440\u043e\u044f\u043d\u0434\u0430<\/span>\u043d\u0430\u0442\u0445\u043d\u0435\u043d\u043d\u0438\u0439 \u043f\u0430\u043b\u0430\u0446\u0430\u043c\u0438 \u0422\u0430\u0434\u0436\u0443, \u0433\u0430\u0440\u043c\u043e\u043d\u0456\u0439\u043d\u043e \u043f\u043e\u0454\u0434\u043d\u0443\u0454 \u0432 \u0441\u043e\u0431\u0456 <span class=\"s2\">\u043d\u0456\u0436\u043d\u0456\u0441\u0442\u044c \u0442\u0440\u043e\u044f\u043d\u0434\u0438 \u0437 \u0433\u043b\u0438\u0431\u0438\u043d\u043e\u044e \u043c\u0443\u0441\u043a\u0443\u0441\u0443<\/span>\u0441\u0442\u0432\u043e\u0440\u044e\u044e\u0447\u0438 <span class=\"s2\">\u0443\u043d\u0456\u043a\u0430\u043b\u044c\u043d\u0430 \u0442\u0430 \u0432\u0438\u0448\u0443\u043a\u0430\u043d\u0430 \u043a\u043e\u043c\u043f\u043e\u0437\u0438\u0446\u0456\u044f<\/span>\u044f\u043a\u0438\u0439 \u0434\u043e\u0432\u0433\u043e \u0442\u0440\u0438\u043c\u0430\u0454\u0442\u044c\u0441\u044f \u043d\u0430 \u0448\u043a\u0456\u0440\u0456.<\/p>\n<p class=\"p4\">\u042f\u043a \u043f\u0440\u0430\u0446\u044e\u0454 \u043b\u043e\u0441\u044c\u0439\u043e\u043d \u0434\u043b\u044f \u0442\u0456\u043b\u0430?<\/p>\n<p class=\"p5\">- <span class=\"s2\">\u0413\u043b\u0438\u0431\u043e\u043a\u043e \u0437\u0432\u043e\u043b\u043e\u0436\u0443\u0454 \u0442\u0430 \u0436\u0438\u0432\u0438\u0442\u044c<\/span>\u043d\u0430\u0434\u0430\u0454 \u0448\u043a\u0456\u0440\u0456 \u0448\u043e\u0432\u043a\u043e\u0432\u0438\u0441\u0442\u043e\u0441\u0442\u0456 \u0442\u0430 \u0433\u043b\u0430\u0434\u043a\u043e\u0441\u0442\u0456.<\/p>\n<p class=\"p5\">- <span class=\"s2\">\u0417\u043c\u0456\u0446\u043d\u044e\u0454 \u0433\u0456\u0434\u0440\u043e\u043b\u0456\u043f\u0456\u0434\u043d\u0438\u0439 \u0431\u0430\u0440'\u0454\u0440<\/span>\u0437\u0430\u0445\u0438\u0441\u0442 \u0432\u0456\u0434 \u0432\u0442\u0440\u0430\u0442\u0438 \u0432\u043e\u043b\u043e\u0433\u0438.<\/p>\n<p class=\"p5\">- <span class=\"s2\">\u041f\u0456\u0434\u0442\u044f\u0433\u0443\u0454 \u0442\u0430 \u0440\u043e\u0437\u0433\u043b\u0430\u0434\u0436\u0443\u0454 \u0448\u043a\u0456\u0440\u0443<\/span>\u043f\u043e\u043a\u0440\u0430\u0449\u0443\u044e\u0447\u0438 \u0439\u043e\u0433\u043e \u0435\u043b\u0430\u0441\u0442\u0438\u0447\u043d\u0456\u0441\u0442\u044c.<\/p>\n<p class=\"p5\">- <span class=\"s2\">\u041e\u0433\u043e\u0440\u0442\u0430\u0454 \u0448\u043a\u0456\u0440\u0443 \u043d\u0435\u043f\u043e\u0432\u0442\u043e\u0440\u043d\u0438\u043c \u0430\u0440\u043e\u043c\u0430\u0442\u043e\u043c<\/span> \u0442\u0440\u043e\u044f\u043d\u0434\u0438 \u0442\u0430 \u043c\u0443\u0441\u043a\u0443\u0441\u0443, \u0449\u043e \u043c\u0430\u0454 \u0440\u043e\u0437\u0441\u043b\u0430\u0431\u043b\u044e\u044e\u0447\u0443 \u0442\u0430 \u0447\u0443\u0442\u0442\u0454\u0432\u0443 \u0434\u0456\u044e.<\/p>\n<p class=\"p4\">\u0414\u043b\u044f \u043a\u043e\u0433\u043e?<\/p>\n<p class=\"p5\">- \u0414\u043b\u044f \u0432\u0441\u0456\u0445 \u0442\u0438\u043f\u0456\u0432 \u0448\u043a\u0456\u0440\u0438, \u043e\u0441\u043e\u0431\u043b\u0438\u0432\u043e \u0441\u0443\u0445\u043e\u0457 \u0442\u0430 \u0442\u0430\u043a\u043e\u0457, \u0449\u043e \u043f\u043e\u0442\u0440\u0435\u0431\u0443\u0454 \u0456\u043d\u0442\u0435\u043d\u0441\u0438\u0432\u043d\u043e\u0433\u043e \u0437\u0432\u043e\u043b\u043e\u0436\u0435\u043d\u043d\u044f.<\/p>\n<p class=\"p6\"><span class=\"s1\">- \u0414\u043b\u044f \u043b\u044e\u0431\u0438\u0442\u0435\u043b\u0456\u0432 <\/span>\u0432\u0438\u0448\u0443\u043a\u0430\u043d\u0456 \u0441\u0445\u0456\u0434\u043d\u0456 \u0430\u0440\u043e\u043c\u0430\u0442\u0438<span class=\"s1\">.<\/span><\/p>\n<p class=\"p6\"><span class=\"s1\">- \u0414\u043b\u044f \u0442\u0438\u0445, \u0445\u0442\u043e \u0448\u0443\u043a\u0430\u0454 <\/span>\u043c\u043e\u043b\u043e\u0447\u043a\u043e \u0434\u043b\u044f \u0442\u0456\u043b\u0430, \u0449\u043e \u0437\u043c\u0456\u0446\u043d\u044e\u0454 \u0442\u0430 \u0440\u0435\u0433\u0435\u043d\u0435\u0440\u0443\u0454<span class=\"s1\">.<\/span><\/p>\n<p class=\"p1\">Body Lotion &#8211; Musk Incense Rose La Sultane de Saba<span class=\"s1\"> \u0446\u0435 <\/span>\u0456\u0434\u0435\u0430\u043b\u044c\u043d\u0435 \u043f\u043e\u0454\u0434\u043d\u0430\u043d\u043d\u044f \u0434\u043e\u0433\u043b\u044f\u0434\u0443 \u0442\u0430 \u0430\u0440\u043e\u043c\u0430\u0442\u0435\u0440\u0430\u043f\u0456\u0457<span class=\"s1\">\u044f\u043a\u0430 \u0434\u043e\u0433\u043b\u044f\u0434\u0430\u0454 \u0437\u0430 \u0448\u043a\u0456\u0440\u043e\u044e \u0442\u0430 \u0437\u0430\u0441\u043f\u043e\u043a\u043e\u044e\u0454 \u043f\u043e\u0447\u0443\u0442\u0442\u044f.<\/span><\/p>","protected":false},"excerpt":{"rendered":"<p>\u041b\u043e\u0441\u044c\u0439\u043e\u043d \u0434\u043b\u044f \u0442\u0456\u043b\u0430<\/p>","protected":false},"featured_media":18375,"template":"","meta":{"inline_featured_image":false,"_uf_show_specific_survey":0,"_uf_disable_surveys":false,"_themeisle_gutenberg_block_has_review":false,"jetpack_publicize_message":"","jetpack_publicize_feature_enabled":true,"jetpack_social_post_already_shared":true,"jetpack_social_options":{"image_generator_settings":{"template":"highway","default_image_id":0,"font":"","enabled":false},"version":2},"_wpas_customize_per_network":false},"pwb-brand":[805668],"product_brand":[],"product_cat":[805725,805741],"product_tag":[],"class_list":{"0":"post-17717","1":"product","2":"type-product","3":"status-publish","4":"has-post-thumbnail","6":"pwb-brand-la-sultane-de-saba","7":"product_cat-cialo","8":"product_cat-kremy_i_mleczka_do_ciala","9":"product_shipping_class-inpost","11":"first","12":"instock","13":"shipping-taxable","14":"purchasable","15":"product-type-variable"},"aioseo_notices":[],"jetpack_publicize_connections":[],"jetpack_likes_enabled":true,"jetpack_sharing_enabled":true,"jetpack-related-posts":[],"brands":[{"id":805668,"name":"La Sultane de Saba","slug":"la-sultane-de-saba"}],"_links":{"self":[{"href":"https:\/\/fiquebeauty.com\/ua\/wp-json\/wp\/v2\/product\/17717","targetHints":{"allow":["GET"]}}],"collection":[{"href":"https:\/\/fiquebeauty.com\/ua\/wp-json\/wp\/v2\/product"}],"about":[{"href":"https:\/\/fiquebeauty.com\/ua\/wp-json\/wp\/v2\/types\/product"}],"wp:featuredmedia":[{"embeddable":true,"href":"https:\/\/fiquebeauty.com\/ua\/wp-json\/wp\/v2\/media\/18375"}],"wp:attachment":[{"href":"https:\/\/fiquebeauty.com\/ua\/wp-json\/wp\/v2\/media?parent=17717"}],"wp:term":[{"taxonomy":"pwb-brand","embeddable":true,"href":"https:\/\/fiquebeauty.com\/ua\/wp-json\/wp\/v2\/pwb-brand?post=17717"},{"taxonomy":"product_brand","embeddable":true,"href":"https:\/\/fiquebeauty.com\/ua\/wp-json\/wp\/v2\/product_brand?post=17717"},{"taxonomy":"product_cat","embeddable":true,"href":"https:\/\/fiquebeauty.com\/ua\/wp-json\/wp\/v2\/product_cat?post=17717"},{"taxonomy":"product_tag","embeddable":true,"href":"https:\/\/fiquebeauty.com\/ua\/wp-json\/wp\/v2\/product_tag?post=17717"}],"curies":[{"name":"wp","href":"https:\/\/api.w.org\/{rel}","templated":true}]}}