{"id":19628,"date":"2024-04-04T18:39:31","date_gmt":"2024-04-04T16:39:31","guid":{"rendered":"https:\/\/fiquebeauty.com\/?post_type=product&#038;p=19628"},"modified":"2025-05-05T11:29:31","modified_gmt":"2025-05-05T09:29:31","slug":"fresh-fruit-moisturizing-cream","status":"publish","type":"product","link":"https:\/\/fiquebeauty.com\/ua\/product\/fresh-fruit-moisturizing-cream\/","title":{"rendered":"Fresh &#038; Fruit\u00ae Moisturizing Cream"},"content":{"rendered":"<div class=\"product-page-content\">\n<div class=\"t-content t-content--light tt-space_mt tt-space_mt--1\">\n<p class=\"p1\">\u0417\u0432\u043e\u043b\u043e\u0436\u0443\u044e\u0447\u0438\u0439 \u043a\u0440\u0435\u043c Dr. Spiller's Fresh &amp; Fruit\u00ae, \"\u0424\u0440\u0435\u0448 \u0435\u043d\u0434 \u0424\u0440\u0443\u0442\", \"\u0424\u0440\u0435\u0448 \u0435\u043d\u0434 \u0424\u0440\u0443\u0442\", \u043d\u0456\u0436\u043d\u0438\u0439 \u043a\u0440\u0435\u043c\u043e\u0432\u0438\u0439 \u0444\u043b\u044e\u0457\u0434, \u0435\u0444\u0435\u043a\u0442\u0438\u0432\u043d\u043e \u0437\u0432\u043e\u043b\u043e\u0436\u0443\u0454 \u0448\u043a\u0456\u0440\u0443, \u0437\u0430\u043b\u0438\u0448\u0430\u044e\u0447\u0438 \u0457\u0457 \u0433\u043b\u0430\u0434\u0435\u043d\u044c\u043a\u043e\u044e \u0442\u0430 \u0441\u0432\u0456\u0436\u043e\u044e. \u0424\u043e\u0440\u043c\u0443\u043b\u0430, \u0437\u0431\u0430\u0433\u0430\u0447\u0435\u043d\u0430 \u0435\u043a\u0441\u0442\u0440\u0430\u043a\u0442\u0430\u043c\u0438 \u043f\u0430\u043f\u0430\u0439\u0457, \u043c\u0430\u043d\u0433\u043e \u0442\u0430 \u0430\u043d\u0430\u043d\u0430\u0441\u0430, \u043f\u043e\u043a\u0440\u0430\u0449\u0443\u0454 \u043a\u043e\u043b\u0456\u0440 \u0448\u043a\u0456\u0440\u0438, \u0436\u0438\u0432\u0438\u0442\u044c \u0442\u0430 \u043e\u0441\u0432\u0456\u0436\u0430\u0454, \u043d\u0430\u0434\u0430\u044e\u0447\u0438 \u0448\u043a\u0456\u0440\u0456 \u0437\u0434\u043e\u0440\u043e\u0432\u043e\u0433\u043e \u0432\u0438\u0433\u043b\u044f\u0434\u0443. \u042f\u043a \u0434\u0456\u0454 \u0437\u0432\u043e\u043b\u043e\u0436\u0443\u044e\u0447\u0438\u0439 \u043a\u0440\u0435\u043c Fresh &amp; Fruit\u00ae - \u041a\u0440\u0435\u043c \u0433\u043b\u0438\u0431\u043e\u043a\u043e \u0437\u0432\u043e\u043b\u043e\u0436\u0443\u0454 \u0448\u043a\u0456\u0440\u0443, \u0437\u0430\u0431\u0435\u0437\u043f\u0435\u0447\u0443\u044e\u0447\u0438 \u0457\u0457 \u0435\u043b\u0430\u0441\u0442\u0438\u0447\u043d\u0456\u0441\u0442\u044c, \u043f\u043e\u043a\u0440\u0430\u0449\u0443\u044e\u0447\u0438 \u0442\u043e\u043d\u0443\u0441, - \u0415\u043a\u0441\u0442\u0440\u0430\u043a\u0442\u0438 \u043f\u0430\u043f\u0430\u0439\u0457, \u043c\u0430\u043d\u0433\u043e \u0442\u0430 \u0430\u043d\u0430\u043d\u0430\u0441\u0430 \u043f\u043e\u043a\u0440\u0430\u0449\u0443\u044e\u0442\u044c \u0437\u043e\u0432\u043d\u0456\u0448\u043d\u0456\u0439 \u0432\u0438\u0433\u043b\u044f\u0434 \u0448\u043a\u0456\u0440\u0438, \u043d\u0430\u0434\u0430\u044e\u0447\u0438 \u0457\u0439 \u0437\u0434\u043e\u0440\u043e\u0432\u043e\u0433\u043e, \u043f\u0440\u0438\u0440\u043e\u0434\u043d\u043e\u0433\u043e \u0441\u044f\u0439\u0432\u0430,- \u0410\u043a\u0442\u0438\u0432\u043d\u0456 \u0456\u043d\u0433\u0440\u0435\u0434\u0456\u0454\u043d\u0442\u0438 \u0436\u0438\u0432\u043b\u044f\u0442\u044c \u0448\u043a\u0456\u0440\u0443, \u043d\u0430\u0434\u0430\u044e\u0447\u0438 \u0457\u0439 \u0436\u0438\u0442\u0442\u0454\u0432\u043e\u0457 \u0441\u0438\u043b\u0438 \u0442\u0430 \u0441\u0432\u0456\u0436\u043e\u0441\u0442\u0456. \u0406\u0434\u0435\u0430\u043b\u044c\u043d\u043e \u043f\u0456\u0434\u0445\u043e\u0434\u0438\u0442\u044c \u0434\u043b\u044f \u0436\u0438\u0440\u043d\u043e\u0457 \u043a\u043e\u043c\u0431\u0456\u043d\u043e\u0432\u0430\u043d\u043e\u0457 \u0442\u0430 \u043d\u043e\u0440\u043c\u0430\u043b\u044c\u043d\u043e\u0457 \u0448\u043a\u0456\u0440\u0438, \u0435\u0444\u0435\u043a\u0442\u0438\u0432\u043d\u043e \u0440\u0435\u0433\u0443\u043b\u044e\u0454 \u0440\u0456\u0432\u0435\u043d\u044c \u0432\u043e\u043b\u043e\u0433\u0438, \u043d\u0435 \u043e\u0431\u0442\u044f\u0436\u0443\u044e\u0447\u0438 \u0448\u043a\u0456\u0440\u0443. \u0406\u0434\u0435\u0430\u043b\u044c\u043d\u0438\u0439 \u0432\u0438\u0431\u0456\u0440 \u0434\u043b\u044f \u0435\u0444\u0435\u043a\u0442\u0438\u0432\u043d\u043e\u0433\u043e \u0437\u0432\u043e\u043b\u043e\u0436\u0435\u043d\u043d\u044f, \u0436\u0438\u0432\u043b\u0435\u043d\u043d\u044f \u0442\u0430 \u043f\u043e\u043a\u0440\u0430\u0449\u0435\u043d\u043d\u044f \u0437\u043e\u0432\u043d\u0456\u0448\u043d\u044c\u043e\u0433\u043e \u0432\u0438\u0433\u043b\u044f\u0434\u0443 \u0448\u043a\u0456\u0440\u0438. \u0417\u0430\u0432\u0434\u044f\u043a\u0438 \u0441\u0432\u043e\u0457\u043c \u043d\u0430\u0442\u0443\u0440\u0430\u043b\u044c\u043d\u0438\u043c \u0456\u043d\u0433\u0440\u0435\u0434\u0456\u0454\u043d\u0442\u0430\u043c \u0434\u043e\u0433\u043b\u044f\u0434\u0430\u0454 \u0437\u0430 \u0448\u043a\u0456\u0440\u043e\u044e, \u043f\u043e\u0432\u0435\u0440\u0442\u0430\u0454 \u0457\u0439 \u0437\u0434\u043e\u0440\u043e\u0432\u0435 \u0441\u044f\u0439\u0432\u043e.<\/p>\n<p class=\"p1\">Fresh &amp; Fruit\u00ae Moisturizing Cream<span class=\"s1\"> \u0431\u0440\u0435\u043d\u0434\u0438 <\/span>\u0414\u043e\u043a\u0442\u043e\u0440\u0435 \u0421\u043f\u0456\u043b\u043b\u0435\u0440.<span class=\"s1\"> \u0446\u0435 <\/span>delikatny kremowy fluid<span class=\"s1\">\u044f\u043a\u0438\u0439 <\/span>skutecznie nawil\u017ca sk\u00f3r\u0119<span class=\"s1\">, pozostawiaj\u0105c j\u0105 g\u0142adk\u0105 i \u015bwie\u017c\u0105. Formu\u0142a wzbogacona o <\/span>ekstrakty z papai, mango i ananasa<span class=\"s1\"> poprawia <\/span>kolor sk\u00f3ry<span class=\"s1\">, od\u017cywia j\u0105 i <\/span>orze\u017awia<span class=\"s1\">, nadaj\u0105c jej zdrowy wygl\u0105d.<\/span><\/p>\n<p class=\"p3\">Jak dzia\u0142a Fresh &amp; Fruit\u00ae Moisturizing Cream?<\/p>\n<p class=\"p4\"><span class=\"s1\">- <\/span>\u0413\u0456\u0434\u0440\u0430\u0442\u0430\u0446\u0456\u044f<span class=\"s1\"> \u2013 krem g\u0142\u0119boko <\/span>nawil\u017ca sk\u00f3r\u0119<span class=\"s1\">, zapewniaj\u0105c jej <\/span>\u043c'\u044f\u043a\u0456\u0441\u0442\u044c<span class=\"s1\"> i <\/span>elastyczno\u015b\u0107<span class=\"s1\">.<\/span><\/p>\n<p class=\"p5\">- <span class=\"s2\">Poprawa kolorytu<\/span> \u2013 ekstrakty z papai, mango i ananasa <span class=\"s2\">poprawiaj\u0105 wygl\u0105d sk\u00f3ry<\/span>, nadaj\u0105c jej zdrowy, naturalny blask.<\/p>\n<p class=\"p5\">- <span class=\"s2\">\u0425\u0430\u0440\u0447\u0443\u0432\u0430\u043d\u043d\u044f<\/span> \u2013 sk\u0142adniki aktywne od\u017cywiaj\u0105 sk\u00f3r\u0119, zapewniaj\u0105c jej <span class=\"s2\">witalno\u015b\u0107<\/span> i \u015bwie\u017co\u015b\u0107.<\/p>\n<p class=\"p4\"><span class=\"s1\">- <\/span>Idealny do sk\u00f3ry t\u0142ustej, mieszanej i normalnej<span class=\"s1\"> \u2013 krem skutecznie <\/span>reguluje poziom nawil\u017cenia<span class=\"s1\">, nie obci\u0105\u017caj\u0105c sk\u00f3ry.<\/span><\/p>\n<p class=\"p1\">Fresh &amp; Fruit\u00ae Moisturizing Cream<span class=\"s1\"> \u0446\u0435 <\/span>idealny wyb\u00f3r<span class=\"s1\"> \u0434\u043b\u044f \u0442\u0438\u0445, \u0445\u0442\u043e \u0448\u0443\u043a\u0430\u0454 <\/span>skutecznego nawil\u017cenia<span class=\"s1\">, od\u017cywienia i poprawy wygl\u0105du sk\u00f3ry. Dzi\u0119ki naturalnym sk\u0142adnikom, <\/span>dba o sk\u00f3r\u0119<span class=\"s1\"> i <\/span>przywraca jej zdrowy blask<span class=\"s1\">.<\/span><\/p>\n<\/div>\n<\/div>","protected":false},"excerpt":{"rendered":"<p>\u041b\u0435\u0433\u043a\u0438\u0439 \u0437\u0432\u043e\u043b\u043e\u0436\u0443\u044e\u0447\u0438\u0439 \u043a\u0440\u0435\u043c<\/p>","protected":false},"featured_media":19631,"template":"","meta":{"inline_featured_image":false,"_uf_show_specific_survey":0,"_uf_disable_surveys":false,"_themeisle_gutenberg_block_has_review":false,"jetpack_publicize_message":"","jetpack_publicize_feature_enabled":true,"jetpack_social_post_already_shared":true,"jetpack_social_options":{"image_generator_settings":{"template":"highway","default_image_id":0,"font":"","enabled":false},"version":2},"_wpas_customize_per_network":false},"pwb-brand":[805798],"product_brand":[],"product_cat":[805730,805656],"product_tag":[],"class_list":{"0":"post-19628","1":"product","2":"type-product","3":"status-publish","4":"has-post-thumbnail","6":"pwb-brand-dr-spiller","7":"product_cat-kremy_do_twarzy","8":"product_cat-twarz","9":"product_shipping_class-inpost","11":"first","12":"outofstock","13":"shipping-taxable","14":"purchasable","15":"product-type-variable"},"aioseo_notices":[],"jetpack_publicize_connections":[],"jetpack_likes_enabled":true,"jetpack_sharing_enabled":true,"jetpack-related-posts":[],"brands":[{"id":805798,"name":"\u0414\u043e\u043a\u0442\u043e\u0440\u0435 \u0421\u043f\u0456\u043b\u043b\u0435\u0440.","slug":"dr-spiller"}],"_links":{"self":[{"href":"https:\/\/fiquebeauty.com\/ua\/wp-json\/wp\/v2\/product\/19628","targetHints":{"allow":["GET"]}}],"collection":[{"href":"https:\/\/fiquebeauty.com\/ua\/wp-json\/wp\/v2\/product"}],"about":[{"href":"https:\/\/fiquebeauty.com\/ua\/wp-json\/wp\/v2\/types\/product"}],"wp:featuredmedia":[{"embeddable":true,"href":"https:\/\/fiquebeauty.com\/ua\/wp-json\/wp\/v2\/media\/19631"}],"wp:attachment":[{"href":"https:\/\/fiquebeauty.com\/ua\/wp-json\/wp\/v2\/media?parent=19628"}],"wp:term":[{"taxonomy":"pwb-brand","embeddable":true,"href":"https:\/\/fiquebeauty.com\/ua\/wp-json\/wp\/v2\/pwb-brand?post=19628"},{"taxonomy":"product_brand","embeddable":true,"href":"https:\/\/fiquebeauty.com\/ua\/wp-json\/wp\/v2\/product_brand?post=19628"},{"taxonomy":"product_cat","embeddable":true,"href":"https:\/\/fiquebeauty.com\/ua\/wp-json\/wp\/v2\/product_cat?post=19628"},{"taxonomy":"product_tag","embeddable":true,"href":"https:\/\/fiquebeauty.com\/ua\/wp-json\/wp\/v2\/product_tag?post=19628"}],"curies":[{"name":"wp","href":"https:\/\/api.w.org\/{rel}","templated":true}]}}