{"id":22725,"date":"2025-11-20T22:56:36","date_gmt":"2025-11-20T21:56:36","guid":{"rendered":"https:\/\/fiquebeauty.com\/?post_type=product&#038;p=22725"},"modified":"2025-12-30T15:00:05","modified_gmt":"2025-12-30T14:00:05","slug":"advanced-pro-collagen-peptide-cream","status":"publish","type":"product","link":"https:\/\/fiquebeauty.com\/ua\/product\/advanced-pro-collagen-peptide-cream\/","title":{"rendered":"Advanced Pro-Collagen+ Peptide Cream"},"content":{"rendered":"<p class=\"p1\"><span class=\"s1\">Medik8 Advanced Pro-Collagen+ Peptide Cream<\/span> to luksusowy, silnie skoncentrowany krem przeciwstarzeniowy, kt\u00f3ry stymuluje naturaln\u0105 produkcj\u0119 kolagenu w sk\u00f3rze, zwi\u0119kszaj\u0105c j\u0105 nawet o 45% ju\u017c po 7 dniach. Opracowany z my\u015bl\u0105 o zaawansowanych potrzebach sk\u00f3ry dojrza\u0142ej, zapewnia widoczn\u0105 popraw\u0119 j\u0119drno\u015bci, napi\u0119cia i elastyczno\u015bci, a tak\u017ce redukcj\u0119 g\u0142\u0119bokich zmarszczek i oznak zm\u0119czenia.<\/p>\n<p class=\"p1\">Formu\u0142a kremu opiera si\u0119 na innowacyjnych sk\u0142adnikach aktywnych, takich jak peptyd Anti-A.G.E. (karnozyna), czynnik wzrostu Growth Factor MiniProtein\u2122 oraz booster koenzymu NAD\u207a Longevity. Dzia\u0142aj\u0105c synergicznie, wspieraj\u0105 regeneracj\u0119, odbudowuj\u0105 struktur\u0119 sk\u00f3ry i chroni\u0105 j\u0105 przed glikacj\u0105 oraz stresem oksydacyjnym. Efektem jest wyra\u017anie odm\u0142odzona, napi\u0119ta i promienna cera.<\/p>\n<p class=\"p1\">Krem ma jedwabist\u0105 konsystencj\u0119, doskonale si\u0119 wch\u0142ania i dzia\u0142a zar\u00f3wno jako piel\u0119gnacja dzienna, jak i nocna. G\u0142\u0119boko nawil\u017ca, przywraca r\u00f3wnowag\u0119 bariery hydrolipidowej i wspiera naturalne mechanizmy ochronne sk\u00f3ry. Odpowiedni dla ka\u017cdego typu cery, szczeg\u00f3lnie z zaawansowanymi oznakami starzenia, utrat\u0105 j\u0119drno\u015bci, elastyczno\u015bci oraz obj\u0119to\u015bci.<\/p>\n<p class=\"p3\">Kluczowe zalety:<b><\/b><\/p>\n<p class=\"p1\">\u2022 Redukcja zmarszczek i oznak starzenia ju\u017c po 7 dniach<\/p>\n<p class=\"p1\">\u2022 Zwi\u0119kszenie produkcji kolagenu o 45%<\/p>\n<p class=\"p1\">\u2022 Wzmocnienie elastyczno\u015bci i j\u0119drno\u015bci sk\u00f3ry<\/p>\n<p class=\"p1\">\u2022 G\u0142\u0119bokie nawil\u017cenie i regeneracja<\/p>\n<p class=\"p1\">\u2022 Ochrona przed glikacj\u0105 i stresem oksydacyjnym<\/p>\n<p class=\"p1\">\u2022 Luksusowa, niet\u0142usta konsystencja<\/p>\n<p class=\"p1\">\u2022 Odpowiedni dla wegan, bezzapachowy, niekomedogenny<\/p>\n<p class=\"p1\">To idealny wyb\u00f3r dla os\u00f3b poszukuj\u0105cych skutecznej, naukowo opracowanej piel\u0119gnacji o udowodnionym dzia\u0142aniu anti-aging.<\/p>","protected":false},"excerpt":{"rendered":"<p class=\"f-product__subheading lh-r f-w400\">Przeciwzmarszczkowy krem nawil\u017caj\u0105cy<\/p>","protected":false},"featured_media":22728,"template":"","meta":{"inline_featured_image":false,"_uf_show_specific_survey":0,"_uf_disable_surveys":false,"_themeisle_gutenberg_block_has_review":false,"jetpack_publicize_message":"","jetpack_publicize_feature_enabled":true,"jetpack_social_post_already_shared":true,"jetpack_social_options":{"image_generator_settings":{"template":"highway","default_image_id":0,"font":"","enabled":false},"version":2},"_wpas_customize_per_network":false},"pwb-brand":[805834],"product_brand":[],"product_cat":[805730,805656],"product_tag":[805658],"class_list":{"0":"post-22725","1":"product","2":"type-product","3":"status-publish","4":"has-post-thumbnail","6":"pwb-brand-medik8","7":"product_cat-kremy_do_twarzy","8":"product_cat-twarz","9":"product_tag-new","10":"product_shipping_class-inpost","12":"first","13":"outofstock","14":"shipping-taxable","15":"purchasable","16":"product-type-variable"},"aioseo_notices":[],"jetpack_publicize_connections":[],"jetpack_likes_enabled":true,"jetpack_sharing_enabled":true,"jetpack-related-posts":[],"brands":[{"id":805834,"name":"Medik8","slug":"medik8"}],"_links":{"self":[{"href":"https:\/\/fiquebeauty.com\/ua\/wp-json\/wp\/v2\/product\/22725","targetHints":{"allow":["GET"]}}],"collection":[{"href":"https:\/\/fiquebeauty.com\/ua\/wp-json\/wp\/v2\/product"}],"about":[{"href":"https:\/\/fiquebeauty.com\/ua\/wp-json\/wp\/v2\/types\/product"}],"wp:featuredmedia":[{"embeddable":true,"href":"https:\/\/fiquebeauty.com\/ua\/wp-json\/wp\/v2\/media\/22728"}],"wp:attachment":[{"href":"https:\/\/fiquebeauty.com\/ua\/wp-json\/wp\/v2\/media?parent=22725"}],"wp:term":[{"taxonomy":"pwb-brand","embeddable":true,"href":"https:\/\/fiquebeauty.com\/ua\/wp-json\/wp\/v2\/pwb-brand?post=22725"},{"taxonomy":"product_brand","embeddable":true,"href":"https:\/\/fiquebeauty.com\/ua\/wp-json\/wp\/v2\/product_brand?post=22725"},{"taxonomy":"product_cat","embeddable":true,"href":"https:\/\/fiquebeauty.com\/ua\/wp-json\/wp\/v2\/product_cat?post=22725"},{"taxonomy":"product_tag","embeddable":true,"href":"https:\/\/fiquebeauty.com\/ua\/wp-json\/wp\/v2\/product_tag?post=22725"}],"curies":[{"name":"wp","href":"https:\/\/api.w.org\/{rel}","templated":true}]}}