{"id":22729,"date":"2025-11-20T23:07:25","date_gmt":"2025-11-20T22:07:25","guid":{"rendered":"https:\/\/fiquebeauty.com\/?post_type=product&#038;p=22729"},"modified":"2026-01-29T16:24:18","modified_gmt":"2026-01-29T15:24:18","slug":"firm-favourites","status":"publish","type":"product","link":"https:\/\/fiquebeauty.com\/ua\/product\/firm-favourites\/","title":{"rendered":"Firm Favourites"},"content":{"rendered":"<p class=\"p1\">Zestaw Nawil\u017caj\u0105co-Uj\u0119drniaj\u0105cy Medik8 Firm Favourites \u2013 serum Hydr8 B5 Intense + krem Advanced Night Restore<\/p>\n<p class=\"p1\">Zestaw Firm Favourites od Medik8 to idealne po\u0142\u0105czenie intensywnego nawil\u017cenia i regeneruj\u0105cej piel\u0119gnacji nocnej. Zawiera dwa kultowe produkty marki: serum Hydr8 B5 Intense (30 ml) oraz krem Advanced Night Restore (50 ml), kt\u00f3re razem tworz\u0105 skuteczny rytua\u0142 dla spragnionej, pozbawionej blasku sk\u00f3ry.<\/p>\n<p class=\"p1\">Hydr8 B5 Intense to zaawansowane serum na bazie wielocz\u0105steczkowego kwasu hialuronowego, kt\u00f3re dog\u0142\u0119bnie nawil\u017ca i wyg\u0142adza sk\u00f3r\u0119. Zwi\u0119ksza jej j\u0119drno\u015b\u0107, wype\u0142nia drobne linie i przywraca zdrowy, promienny wygl\u0105d. Dzi\u0119ki unikalnej technologii serum dzia\u0142a a\u017c 24 godziny, zatrzymuj\u0105c wilgo\u0107 w g\u0142\u0119bokich warstwach sk\u00f3ry i wzmacniaj\u0105c jej barier\u0119 ochronn\u0105.<\/p>\n<p class=\"p1\">Advanced Night Restore to od\u017cywczy krem z ceramidami, kt\u00f3ry wspomaga nocn\u0105 regeneracj\u0119 sk\u00f3ry. Podczas snu krem odbudowuje naturalne struktury lipidowe, uj\u0119drnia sk\u00f3r\u0119 i redukuje widoczno\u015b\u0107 zmarszczek. Klinicznie udowodniono, \u017ce ju\u017c po 7 dniach regularnego stosowania poprawia g\u0119sto\u015b\u0107, elastyczno\u015b\u0107 i spr\u0119\u017cysto\u015b\u0107 sk\u00f3ry.<\/p>\n<p class=\"p3\">Korzy\u015bci zestawu Firm Favourites:<b><\/b><\/p>\n<ul>\n<li>\n<p class=\"p1\">D\u0142ugotrwa\u0142e nawil\u017cenie i ukojenie nawet najbardziej odwodnionej sk\u00f3ry.<\/p>\n<\/li>\n<li>\n<p class=\"p1\">Widoczne wyg\u0142adzenie drobnych linii i poprawa napi\u0119cia sk\u00f3ry.<\/p>\n<\/li>\n<li>\n<p class=\"p1\">Redukcja uporczywych zmarszczek i efekt liftingu ju\u017c po tygodniu stosowania.<\/p>\n<\/li>\n<li>\n<p class=\"p1\">Ochrona bariery hydrolipidowej i intensywne wsparcie w regeneracji nocnej.<\/p>\n<\/li>\n<li>\n<p class=\"p1\">Idealny duet na sezon jesienno-zimowy i dla sk\u00f3ry potrzebuj\u0105cej odbudowy.<\/p>\n<\/li>\n<\/ul>\n<p class=\"p1\">Zestaw Firm Favourites to sprawdzony, klinicznie potwierdzony spos\u00f3b na przywr\u00f3cenie sk\u00f3rze j\u0119drno\u015bci, g\u0142adko\u015bci i zdrowego blasku. Idealny r\u00f3wnie\u017c jako prezent.<\/p>","protected":false},"excerpt":{"rendered":"<p class=\"f-product__subheading lh-r f-w400\">Zestaw produkt\u00f3w uj\u0119drniaj\u0105co-nawil\u017caj\u0105cych<\/p>","protected":false},"featured_media":22732,"template":"","meta":{"inline_featured_image":false,"_uf_show_specific_survey":0,"_uf_disable_surveys":false,"_themeisle_gutenberg_block_has_review":false,"jetpack_publicize_message":"","jetpack_publicize_feature_enabled":true,"jetpack_social_post_already_shared":true,"jetpack_social_options":{"image_generator_settings":{"template":"highway","default_image_id":0,"font":"","enabled":false},"version":2},"_wpas_customize_per_network":false},"pwb-brand":[805834],"product_brand":[],"product_cat":[805730,805733,805656,805726,805738],"product_tag":[805658],"class_list":{"0":"post-22729","1":"product","2":"type-product","3":"status-publish","4":"has-post-thumbnail","6":"pwb-brand-medik8","7":"product_cat-kremy_do_twarzy","8":"product_cat-serum","9":"product_cat-twarz","10":"product_cat-best_sellers","11":"product_cat-zestawy","12":"product_tag-new","13":"product_shipping_class-inpost","15":"first","16":"outofstock","17":"shipping-taxable","18":"purchasable","19":"product-type-simple"},"aioseo_notices":[],"jetpack_publicize_connections":[],"jetpack_likes_enabled":true,"jetpack_sharing_enabled":true,"jetpack-related-posts":[],"brands":[{"id":805834,"name":"Medik8","slug":"medik8"}],"_links":{"self":[{"href":"https:\/\/fiquebeauty.com\/ua\/wp-json\/wp\/v2\/product\/22729","targetHints":{"allow":["GET"]}}],"collection":[{"href":"https:\/\/fiquebeauty.com\/ua\/wp-json\/wp\/v2\/product"}],"about":[{"href":"https:\/\/fiquebeauty.com\/ua\/wp-json\/wp\/v2\/types\/product"}],"wp:featuredmedia":[{"embeddable":true,"href":"https:\/\/fiquebeauty.com\/ua\/wp-json\/wp\/v2\/media\/22732"}],"wp:attachment":[{"href":"https:\/\/fiquebeauty.com\/ua\/wp-json\/wp\/v2\/media?parent=22729"}],"wp:term":[{"taxonomy":"pwb-brand","embeddable":true,"href":"https:\/\/fiquebeauty.com\/ua\/wp-json\/wp\/v2\/pwb-brand?post=22729"},{"taxonomy":"product_brand","embeddable":true,"href":"https:\/\/fiquebeauty.com\/ua\/wp-json\/wp\/v2\/product_brand?post=22729"},{"taxonomy":"product_cat","embeddable":true,"href":"https:\/\/fiquebeauty.com\/ua\/wp-json\/wp\/v2\/product_cat?post=22729"},{"taxonomy":"product_tag","embeddable":true,"href":"https:\/\/fiquebeauty.com\/ua\/wp-json\/wp\/v2\/product_tag?post=22729"}],"curies":[{"name":"wp","href":"https:\/\/api.w.org\/{rel}","templated":true}]}}