{"id":22733,"date":"2025-11-20T23:19:11","date_gmt":"2025-11-20T22:19:11","guid":{"rendered":"https:\/\/fiquebeauty.com\/?post_type=product&#038;p=22733"},"modified":"2026-02-21T19:00:36","modified_gmt":"2026-02-21T18:00:36","slug":"rejuvenation-reset","status":"publish","type":"product","link":"https:\/\/fiquebeauty.com\/ua\/product\/rejuvenation-reset\/","title":{"rendered":"Rejuvenation Reset"},"content":{"rendered":"<p class=\"p1\"><span class=\"s1\">Zestaw Rejuvenation Reset Medik8<\/span> to kompletny rytua\u0142 piel\u0119gnacyjny, kt\u00f3ry \u0142\u0105czy trzy zaawansowane formu\u0142y dla widocznego odm\u0142odzenia, wyg\u0142adzenia i przywr\u00f3cenia blasku sk\u00f3rze. Oparty na filozofii CSA\u00ae (C \u2013 witamina C rano, S \u2013 SPF w ci\u0105gu dnia, A \u2013 witamina A wieczorem), ten zestaw stanowi idealn\u0105 codzienn\u0105 rutyn\u0119 dla sk\u00f3ry z pierwszymi oznakami starzenia.<\/p>\n<p class=\"p1\"><span class=\"s1\">Daily Radiance Vitamin C (50 ml)<\/span> to wielozadaniowy krem na dzie\u0144 z witamin\u0105 C i filtrem SPF 30. Roz\u015bwietla cer\u0119, dzia\u0142a antyoksydacyjnie i chroni przed fotostarzeniem oraz stresem oksydacyjnym.<\/p>\n<p class=\"p1\"><span class=\"s1\">Crystal Retinal 3 (30 ml)<\/span> to nocne serum z kapsu\u0142kowanym retinalem (0,03%), kt\u00f3re dzia\u0142a a\u017c 11x szybciej ni\u017c klasyczny retinol. Widocznie wyg\u0142adza tekstur\u0119 sk\u00f3ry, redukuje drobne linie i przywraca cerze m\u0142odzie\u0144czy blask ju\u017c po kilku zastosowaniach. Idealny dla os\u00f3b rozpoczynaj\u0105cych piel\u0119gnacj\u0119 witamin\u0105 A.<\/p>\n<p class=\"p1\"><span class=\"s1\">Liquid Peptides Advanced MP (mini)<\/span> to intensywnie uj\u0119drniaj\u0105ce serum peptydowe z technologi\u0105 Dual MiniProteins\u2122. Klinicznie potwierdzono, \u017ce zmniejsza widoczno\u015b\u0107 drobnych zmarszczek ju\u017c w 10 minut, a g\u0142\u0119bokich \u2013 w ci\u0105gu 8 tygodni.<\/p>\n<p class=\"p1\">Zestaw <span class=\"s1\">Rejuvenation Reset<\/span> to skuteczna i bezpieczna odpowied\u017a na potrzeby sk\u00f3ry zm\u0119czonej, pozbawionej j\u0119drno\u015bci i blasku \u2013 z efektem odm\u0142odzenia bez kompromis\u00f3w.<\/p>","protected":false},"excerpt":{"rendered":"<p class=\"f-product__subheading lh-r f-w400\">Zestaw odm\u0142adzaj\u0105cy i wzmacniaj\u0105cy blask sk\u00f3ry<\/p>","protected":false},"featured_media":22735,"template":"","meta":{"inline_featured_image":false,"_uf_show_specific_survey":0,"_uf_disable_surveys":false,"_themeisle_gutenberg_block_has_review":false,"jetpack_publicize_message":"","jetpack_publicize_feature_enabled":true,"jetpack_social_post_already_shared":true,"jetpack_social_options":{"image_generator_settings":{"template":"highway","default_image_id":0,"font":"","enabled":false},"version":2},"_wpas_customize_per_network":false},"pwb-brand":[805834],"product_brand":[],"product_cat":[805730,805656,805726,805738],"product_tag":[805658],"class_list":{"0":"post-22733","1":"product","2":"type-product","3":"status-publish","4":"has-post-thumbnail","6":"pwb-brand-medik8","7":"product_cat-kremy_do_twarzy","8":"product_cat-twarz","9":"product_cat-best_sellers","10":"product_cat-zestawy","11":"product_tag-new","12":"product_shipping_class-inpost","14":"first","15":"outofstock","16":"shipping-taxable","17":"purchasable","18":"product-type-simple"},"aioseo_notices":[],"jetpack_publicize_connections":[],"jetpack_likes_enabled":true,"jetpack_sharing_enabled":true,"jetpack-related-posts":[],"brands":[{"id":805834,"name":"Medik8","slug":"medik8"}],"_links":{"self":[{"href":"https:\/\/fiquebeauty.com\/ua\/wp-json\/wp\/v2\/product\/22733","targetHints":{"allow":["GET"]}}],"collection":[{"href":"https:\/\/fiquebeauty.com\/ua\/wp-json\/wp\/v2\/product"}],"about":[{"href":"https:\/\/fiquebeauty.com\/ua\/wp-json\/wp\/v2\/types\/product"}],"wp:featuredmedia":[{"embeddable":true,"href":"https:\/\/fiquebeauty.com\/ua\/wp-json\/wp\/v2\/media\/22735"}],"wp:attachment":[{"href":"https:\/\/fiquebeauty.com\/ua\/wp-json\/wp\/v2\/media?parent=22733"}],"wp:term":[{"taxonomy":"pwb-brand","embeddable":true,"href":"https:\/\/fiquebeauty.com\/ua\/wp-json\/wp\/v2\/pwb-brand?post=22733"},{"taxonomy":"product_brand","embeddable":true,"href":"https:\/\/fiquebeauty.com\/ua\/wp-json\/wp\/v2\/product_brand?post=22733"},{"taxonomy":"product_cat","embeddable":true,"href":"https:\/\/fiquebeauty.com\/ua\/wp-json\/wp\/v2\/product_cat?post=22733"},{"taxonomy":"product_tag","embeddable":true,"href":"https:\/\/fiquebeauty.com\/ua\/wp-json\/wp\/v2\/product_tag?post=22733"}],"curies":[{"name":"wp","href":"https:\/\/api.w.org\/{rel}","templated":true}]}}