{"id":22925,"date":"2026-01-19T15:09:24","date_gmt":"2026-01-19T14:09:24","guid":{"rendered":"https:\/\/fiquebeauty.com\/?post_type=product&#038;p=22925"},"modified":"2026-02-23T10:32:57","modified_gmt":"2026-02-23T09:32:57","slug":"soothing-hand-and-body-wash","status":"publish","type":"product","link":"https:\/\/fiquebeauty.com\/ua\/product\/soothing-hand-and-body-wash\/","title":{"rendered":"Soothing Hand and Body Wash &#8211; Dark Cherry &#038; Patchouli"},"content":{"rendered":"<p class=\"p1\">Koj\u0105cy \u017cel do mycia cia\u0142a i r\u0105k Al\u00eds zosta\u0142 stworzony z my\u015bl\u0105 o codziennym, delikatnym oczyszczaniu sk\u00f3ry bez naruszania jej naturalnej r\u00f3wnowagi. Formu\u0142a skutecznie usuwa zanieczyszczenia, jednocze\u015bnie dbaj\u0105c o komfort, mi\u0119kko\u015b\u0107 i odpowiedni poziom nawil\u017cenia sk\u00f3ry d\u0142oni oraz ca\u0142ego cia\u0142a.<\/p>\n<p class=\"p1\">\u017bel zapewnia uczucie czysto\u015bci i \u015bwie\u017co\u015bci ju\u017c od pierwszego kontaktu ze sk\u00f3r\u0105. Jego \u0142agodna baza myj\u0105ca sprawia, \u017ce produkt jest odpowiedni do codziennego stosowania, tak\u017ce dla sk\u00f3ry sk\u0142onnej do przesuszenia i podra\u017cnie\u0144. Subtelny zapach charakterystyczny dla kolekcji \u0142\u0105czy s\u0142odkie nuty dojrza\u0142ych wi\u015bni z g\u0142\u0119bok\u0105, ziemist\u0105 paczul\u0105, nadaj\u0105c piel\u0119gnacji zmys\u0142owy, relaksuj\u0105cy charakter.<\/p>\n<p class=\"p1\">Formu\u0142a zawiera kompleks sk\u0142adnik\u00f3w nawil\u017caj\u0105cych i koj\u0105cych, kt\u00f3re wspieraj\u0105 naturalne funkcje ochronne sk\u00f3ry:<\/p>\n<p class=\"p1\">\u2013 bia\u0142ko pszenicy pomaga utrzyma\u0107 odpowiedni poziom nawil\u017cenia i wyg\u0142adza sk\u00f3r\u0119<\/p>\n<p class=\"p1\">\u2013 mocznik zapobiega przesuszeniu i wspiera regeneracj\u0119 nask\u00f3rka<\/p>\n<p class=\"p1\">\u2013 pantenol dzia\u0142a koj\u0105co, zmniejszaj\u0105c uczucie \u015bci\u0105gni\u0119cia i dyskomfortu<\/p>\n<p class=\"p1\">\u017bel do mycia Al\u00eds zachowuje naturalne pH sk\u00f3ry oraz r\u00f3wnowag\u0119 hydrolipidow\u0105, wspieraj\u0105c jej barier\u0119 ochronn\u0105. Regularne stosowanie pomaga utrzyma\u0107 sk\u00f3r\u0119 mi\u0119kk\u0105, elastyczn\u0105 i przyjemn\u0105 w dotyku przez ca\u0142y dzie\u0144, bez uczucia wysuszenia.<\/p>","protected":false},"excerpt":{"rendered":"<p>Koj\u0105cy \u017cel do mycia cia\u0142a i r\u0105k<\/p>","protected":false},"featured_media":22928,"template":"","meta":{"inline_featured_image":false,"_uf_show_specific_survey":0,"_uf_disable_surveys":false,"_themeisle_gutenberg_block_has_review":false,"jetpack_publicize_message":"","jetpack_publicize_feature_enabled":true,"jetpack_social_post_already_shared":true,"jetpack_social_options":{"image_generator_settings":{"template":"highway","default_image_id":0,"font":"","enabled":false},"version":2},"_wpas_customize_per_network":false},"pwb-brand":[805846],"product_brand":[],"product_cat":[805725,805739,805744],"product_tag":[805658],"class_list":{"0":"post-22925","1":"product","2":"type-product","3":"status-publish","4":"has-post-thumbnail","6":"pwb-brand-alis","7":"product_cat-cialo","8":"product_cat-kosmetyki_do_kapieli","9":"product_cat-mydla","10":"product_tag-new","11":"product_shipping_class-inpost","13":"first","14":"instock","15":"shipping-taxable","16":"purchasable","17":"product-type-variable"},"aioseo_notices":[],"jetpack_publicize_connections":[],"jetpack_likes_enabled":true,"jetpack_sharing_enabled":true,"jetpack-related-posts":[],"brands":[{"id":805846,"name":"Al\u00eds","slug":"alis"}],"_links":{"self":[{"href":"https:\/\/fiquebeauty.com\/ua\/wp-json\/wp\/v2\/product\/22925","targetHints":{"allow":["GET"]}}],"collection":[{"href":"https:\/\/fiquebeauty.com\/ua\/wp-json\/wp\/v2\/product"}],"about":[{"href":"https:\/\/fiquebeauty.com\/ua\/wp-json\/wp\/v2\/types\/product"}],"wp:featuredmedia":[{"embeddable":true,"href":"https:\/\/fiquebeauty.com\/ua\/wp-json\/wp\/v2\/media\/22928"}],"wp:attachment":[{"href":"https:\/\/fiquebeauty.com\/ua\/wp-json\/wp\/v2\/media?parent=22925"}],"wp:term":[{"taxonomy":"pwb-brand","embeddable":true,"href":"https:\/\/fiquebeauty.com\/ua\/wp-json\/wp\/v2\/pwb-brand?post=22925"},{"taxonomy":"product_brand","embeddable":true,"href":"https:\/\/fiquebeauty.com\/ua\/wp-json\/wp\/v2\/product_brand?post=22925"},{"taxonomy":"product_cat","embeddable":true,"href":"https:\/\/fiquebeauty.com\/ua\/wp-json\/wp\/v2\/product_cat?post=22925"},{"taxonomy":"product_tag","embeddable":true,"href":"https:\/\/fiquebeauty.com\/ua\/wp-json\/wp\/v2\/product_tag?post=22925"}],"curies":[{"name":"wp","href":"https:\/\/api.w.org\/{rel}","templated":true}]}}