{"id":22929,"date":"2026-01-19T15:14:52","date_gmt":"2026-01-19T14:14:52","guid":{"rendered":"https:\/\/fiquebeauty.com\/?post_type=product&#038;p=22929"},"modified":"2026-02-23T10:34:01","modified_gmt":"2026-02-23T09:34:01","slug":"hydrating-hand-cream","status":"publish","type":"product","link":"https:\/\/fiquebeauty.com\/ua\/product\/hydrating-hand-cream\/","title":{"rendered":"Hydrating Hand Cream &#8211; Dark Cherry &#038; Patchouli"},"content":{"rendered":"<p class=\"p1\">Krem nawil\u017caj\u0105cy do r\u0105k Al\u00eds zosta\u0142 stworzony z my\u015bl\u0105 o codziennej piel\u0119gnacji sk\u00f3ry d\u0142oni, kt\u00f3ra wymaga nawil\u017cenia, ochrony i komfortu bez uczucia obci\u0105\u017cenia. Lekka, szybko wch\u0142aniaj\u0105ca si\u0119 konsystencja sprawia, \u017ce krem idealnie sprawdza si\u0119 do cz\u0119stego stosowania w ci\u0105gu dnia, r\u00f3wnie\u017c w warunkach nara\u017cenia sk\u00f3ry na czynniki zewn\u0119trzne.<\/p>\n<p class=\"p1\">Formu\u0142a intensywnie nawil\u017ca i od\u017cywia sk\u00f3r\u0119 d\u0142oni, pozostawiaj\u0105c j\u0105 mi\u0119kk\u0105, g\u0142adk\u0105 i elastyczn\u0105. Krem nie pozostawia t\u0142ustej ani lepkiej warstwy, dzi\u0119ki czemu zapewnia natychmiastowy komfort po aplikacji. Zmys\u0142owy zapach \u0142\u0105czy ciep\u0142e, s\u0142odkie nuty dojrza\u0142ych wi\u015bni z g\u0142\u0119bok\u0105, ziemist\u0105 paczul\u0105, tworz\u0105c spokojny, koj\u0105cy charakter piel\u0119gnacji.<\/p>\n<p class=\"p1\">Sk\u0142ad kremu opiera si\u0119 na starannie dobranych sk\u0142adnikach o potwierdzonym dzia\u0142aniu piel\u0119gnacyjnym:<\/p>\n<p class=\"p1\">\u2013 olej marula oraz mas\u0142o shea od\u017cywiaj\u0105, regeneruj\u0105 i wzmacniaj\u0105 barier\u0119 ochronn\u0105 sk\u00f3ry<\/p>\n<p class=\"p1\">\u2013 mocznik wspiera g\u0142\u0119bokie nawil\u017cenie i zapobiega przesuszeniu<\/p>\n<p class=\"p1\">\u2013 pantenol oraz gliceryna pomagaj\u0105 utrzyma\u0107 optymalny poziom nawodnienia i chroni\u0105 sk\u00f3r\u0119 przed utrat\u0105 wilgoci<\/p>\n<p class=\"p1\">\u2013 alantoina dzia\u0142a koj\u0105co, \u0142agodz\u0105c podra\u017cnienia i wspieraj\u0105c naturaln\u0105 r\u00f3wnowag\u0119 sk\u00f3ry<\/p>\n<p class=\"p1\">Krem nawil\u017caj\u0105cy do r\u0105k Al\u00eds to idealny wyb\u00f3r dla sk\u00f3ry suchej, odwodnionej oraz nara\u017conej na cz\u0119ste mycie. Regularne stosowanie pomaga utrzyma\u0107 d\u0142onie zadbane, mi\u0119kkie i chronione przez ca\u0142y dzie\u0144, bez kompromis\u00f3w mi\u0119dzy skuteczno\u015bci\u0105 a lekko\u015bci\u0105 formu\u0142y.<\/p>","protected":false},"excerpt":{"rendered":"<p>Nawil\u017caj\u0105cy krem do r\u0105k<\/p>","protected":false},"featured_media":22932,"template":"","meta":{"inline_featured_image":false,"_uf_show_specific_survey":0,"_uf_disable_surveys":false,"_themeisle_gutenberg_block_has_review":false,"jetpack_publicize_message":"","jetpack_publicize_feature_enabled":true,"jetpack_social_post_already_shared":true,"jetpack_social_options":{"image_generator_settings":{"template":"highway","default_image_id":0,"font":"","enabled":false},"version":2},"_wpas_customize_per_network":false},"pwb-brand":[805846],"product_brand":[],"product_cat":[805725,805746],"product_tag":[805658],"class_list":{"0":"post-22929","1":"product","2":"type-product","3":"status-publish","4":"has-post-thumbnail","6":"pwb-brand-alis","7":"product_cat-cialo","8":"product_cat-pielegnacja_dloni","9":"product_tag-new","10":"product_shipping_class-inpost","12":"first","13":"instock","14":"shipping-taxable","15":"purchasable","16":"product-type-variable"},"aioseo_notices":[],"jetpack_publicize_connections":[],"jetpack_likes_enabled":true,"jetpack_sharing_enabled":true,"jetpack-related-posts":[],"brands":[{"id":805846,"name":"Al\u00eds","slug":"alis"}],"_links":{"self":[{"href":"https:\/\/fiquebeauty.com\/ua\/wp-json\/wp\/v2\/product\/22929","targetHints":{"allow":["GET"]}}],"collection":[{"href":"https:\/\/fiquebeauty.com\/ua\/wp-json\/wp\/v2\/product"}],"about":[{"href":"https:\/\/fiquebeauty.com\/ua\/wp-json\/wp\/v2\/types\/product"}],"wp:featuredmedia":[{"embeddable":true,"href":"https:\/\/fiquebeauty.com\/ua\/wp-json\/wp\/v2\/media\/22932"}],"wp:attachment":[{"href":"https:\/\/fiquebeauty.com\/ua\/wp-json\/wp\/v2\/media?parent=22929"}],"wp:term":[{"taxonomy":"pwb-brand","embeddable":true,"href":"https:\/\/fiquebeauty.com\/ua\/wp-json\/wp\/v2\/pwb-brand?post=22929"},{"taxonomy":"product_brand","embeddable":true,"href":"https:\/\/fiquebeauty.com\/ua\/wp-json\/wp\/v2\/product_brand?post=22929"},{"taxonomy":"product_cat","embeddable":true,"href":"https:\/\/fiquebeauty.com\/ua\/wp-json\/wp\/v2\/product_cat?post=22929"},{"taxonomy":"product_tag","embeddable":true,"href":"https:\/\/fiquebeauty.com\/ua\/wp-json\/wp\/v2\/product_tag?post=22929"}],"curies":[{"name":"wp","href":"https:\/\/api.w.org\/{rel}","templated":true}]}}