{"id":22933,"date":"2026-01-19T15:20:28","date_gmt":"2026-01-19T14:20:28","guid":{"rendered":"https:\/\/fiquebeauty.com\/?post_type=product&#038;p=22933"},"modified":"2026-02-23T10:34:59","modified_gmt":"2026-02-23T09:34:59","slug":"nourishing-body-butter","status":"publish","type":"product","link":"https:\/\/fiquebeauty.com\/ua\/product\/nourishing-body-butter\/","title":{"rendered":"Nourishing Body Butter &#8211; Dark Cherry &#038; Patchouli"},"content":{"rendered":"<p class=\"p1\">Od\u017cywcze mas\u0142o do cia\u0142a Al\u00eds to intensywna piel\u0119gnacja przeznaczona dla sk\u00f3ry wymagaj\u0105cej regeneracji, ochrony i przywr\u00f3cenia naturalnego blasku. Bogata formu\u0142a oparta na kompleksie naturalnych olej\u00f3w wspiera funkcje barierowe sk\u00f3ry, poprawia jej elastyczno\u015b\u0107 i pomaga utrzyma\u0107 zdrowy, promienny wygl\u0105d.<\/p>\n<p class=\"p1\">Mas\u0142o wyr\u00f3\u017cnia si\u0119 harmonijnym, koj\u0105cym zapachem, w kt\u00f3rym wykwintne nuty dojrza\u0142ych wi\u015bni \u0142\u0105cz\u0105 si\u0119 z g\u0142\u0119bi\u0105 cierpkiej paczuli. Zapach subtelnie otula sk\u00f3r\u0119, tworz\u0105c zmys\u0142owy rytua\u0142 piel\u0119gnacyjny i podnosz\u0105c komfort codziennego stosowania.<\/p>\n<p class=\"p1\">Formu\u0142a zawiera starannie dobrane sk\u0142adniki od\u017cywcze:<\/p>\n<p class=\"p1\">\u2013 olej marula wspiera naturaln\u0105 barier\u0119 ochronn\u0105 sk\u00f3ry i dzia\u0142a antyoksydacyjnie<\/p>\n<p class=\"p1\">\u2013 olej kokosowy pomaga zmi\u0119kczy\u0107 sk\u00f3r\u0119 i chroni j\u0105 przed utrat\u0105 wilgoci<\/p>\n<p class=\"p1\">\u2013 mas\u0142o shea intensywnie od\u017cywia, regeneruje i poprawia elastyczno\u015b\u0107 sk\u00f3ry<\/p>\n<p class=\"p1\">Po\u0142\u0105czenie tych sk\u0142adnik\u00f3w chroni sk\u00f3r\u0119 przed negatywnym wp\u0142ywem czynnik\u00f3w \u015brodowiskowych oraz wspiera jej naturalne procesy regeneracyjne. Konsystencja mas\u0142a topi si\u0119 w temperaturze powy\u017cej 30\u00b0C, co zapewnia \u0142atwe rozprowadzanie i intensywne wch\u0142anianie sk\u0142adnik\u00f3w od\u017cywczych bez uczucia dyskomfortu.<\/p>\n<p class=\"p1\">Od\u017cywcze mas\u0142o do cia\u0142a Al\u00eds jest szczeg\u00f3lnie polecane sk\u00f3rze suchej, szorstkiej i pozbawionej blasku. Regularne stosowanie pomaga utrzyma\u0107 sk\u00f3r\u0119 g\u0142adk\u0105, elastyczn\u0105 i widocznie od\u017cywion\u0105, przywracaj\u0105c jej zdrowy wygl\u0105d i naturalne pi\u0119kno.<\/p>","protected":false},"excerpt":{"rendered":"<p>Od\u017cywcze mas\u0142o do cia\u0142a<\/p>","protected":false},"featured_media":22936,"template":"","meta":{"inline_featured_image":false,"_uf_show_specific_survey":0,"_uf_disable_surveys":false,"_themeisle_gutenberg_block_has_review":false,"jetpack_publicize_message":"","jetpack_publicize_feature_enabled":true,"jetpack_social_post_already_shared":true,"jetpack_social_options":{"image_generator_settings":{"template":"highway","default_image_id":0,"font":"","enabled":false},"version":2},"_wpas_customize_per_network":false},"pwb-brand":[805846],"product_brand":[],"product_cat":[805725,805742],"product_tag":[805658],"class_list":{"0":"post-22933","1":"product","2":"type-product","3":"status-publish","4":"has-post-thumbnail","6":"pwb-brand-alis","7":"product_cat-cialo","8":"product_cat-masla_i_olejki_do_ciala","9":"product_tag-new","10":"product_shipping_class-inpost","12":"first","13":"instock","14":"shipping-taxable","15":"purchasable","16":"product-type-variable"},"aioseo_notices":[],"jetpack_publicize_connections":[],"jetpack_likes_enabled":true,"jetpack_sharing_enabled":true,"jetpack-related-posts":[],"brands":[{"id":805846,"name":"Al\u00eds","slug":"alis"}],"_links":{"self":[{"href":"https:\/\/fiquebeauty.com\/ua\/wp-json\/wp\/v2\/product\/22933","targetHints":{"allow":["GET"]}}],"collection":[{"href":"https:\/\/fiquebeauty.com\/ua\/wp-json\/wp\/v2\/product"}],"about":[{"href":"https:\/\/fiquebeauty.com\/ua\/wp-json\/wp\/v2\/types\/product"}],"wp:featuredmedia":[{"embeddable":true,"href":"https:\/\/fiquebeauty.com\/ua\/wp-json\/wp\/v2\/media\/22936"}],"wp:attachment":[{"href":"https:\/\/fiquebeauty.com\/ua\/wp-json\/wp\/v2\/media?parent=22933"}],"wp:term":[{"taxonomy":"pwb-brand","embeddable":true,"href":"https:\/\/fiquebeauty.com\/ua\/wp-json\/wp\/v2\/pwb-brand?post=22933"},{"taxonomy":"product_brand","embeddable":true,"href":"https:\/\/fiquebeauty.com\/ua\/wp-json\/wp\/v2\/product_brand?post=22933"},{"taxonomy":"product_cat","embeddable":true,"href":"https:\/\/fiquebeauty.com\/ua\/wp-json\/wp\/v2\/product_cat?post=22933"},{"taxonomy":"product_tag","embeddable":true,"href":"https:\/\/fiquebeauty.com\/ua\/wp-json\/wp\/v2\/product_tag?post=22933"}],"curies":[{"name":"wp","href":"https:\/\/api.w.org\/{rel}","templated":true}]}}